{"id":84,"date":"2023-03-11T13:34:47","date_gmt":"2023-03-11T13:34:47","guid":{"rendered":"https:\/\/reitverein-birchhof.ch\/?page_id=84"},"modified":"2023-03-11T13:34:47","modified_gmt":"2023-03-11T13:34:47","slug":"statuten","status":"publish","type":"page","link":"https:\/\/www.reitverein-birchhof.ch\/?page_id=84","title":{"rendered":"Statuten"},"content":{"rendered":"\n<div class=\"wp-block-file\"><a id=\"wp-block-file--media-8553a704-2857-4021-8720-cec478693728\" href=\"https:\/\/www.reitverein-birchhof.ch\/wp-content\/uploads\/2023\/03\/Statuten_RVB.pdf\">Statuten_RVB<\/a><\/div>\n\n\n\n<p><\/p>\n\n\n\n<p>Art. 1 \/ Name und Sitz<\/p>\n\n\n\n<p>Unter dem Namen \u201eReitverein Birchhof\u201c, nachstehend Verein genannt, besteht eine Vereinigung im Sinne von Art. 60ff des Schweizerischen Zivilgesetzbuches mit Rechtsdomizil in Gebenstorf. Der Verein ist politisch und konfessionell neutral und besitzt Rechtspers\u00f6nlichkeit. Die pers\u00f6nliche Haftbarkeit der einzelnen Mitglieder ist somit ausgeschlossen.<\/p>\n\n\n\n<p><br>Art. 2 \/ Zweck<\/p>\n\n\n\n<p>a)&nbsp;Ausbildung von Reitern mit und ohne eigenem Pferd im Umfeld des Reitstall Birchhof, Gebenstorf.<br>b)&nbsp;Pflege des ausserberuflichen, gesellschaftlichen Kontaktes durch Veranstaltungen und Ausfl\u00fcge<br>c)&nbsp;Jugendf\u00f6rderung im Reiten<br>d)&nbsp;Zusammenarbeit mit weiteren Vereinigungen von Reiter<\/p>\n\n\n\n<p><br>Art. 3 \/ Anschluss an andere Organisationen<\/p>\n\n\n\n<p>Der Verein kann sich gegebenenfalls durch Generalversammlungs-Beschluss an weiteren Organisationen anschliessen.<\/p>\n\n\n\n<p><br>Art. 4 \/ Mitgliedschaft<\/p>\n\n\n\n<p>Als Mitglieder sind alle nat\u00fcrlichen Personen aufnahmeberechtigt. Die Mitglieder teilen sich in folgende Kategorien auf:<\/p>\n\n\n\n<p>Aktivmitglieder (ab dem 19. Altersjahr) sind Mitglieder, die bereit sind, die Vereinsanl\u00e4sse zu besuchen und aktiv an der Erf\u00fcllung der Vereinsaufgaben mitzuwirken. Sie haben dass Stimm- und Wahlrecht und sind beitragspflichtig.<\/p>\n\n\n\n<p>Juniorenmitglieder sind Mitglieder bis zur Vollendung des 18. Altersjahres. Sie bezahlen einen reduzierten Mitgliederbeitrag. Sie haben die gleichen Rechte und Pflichten wie Aktivmitglieder, jedoch kein Stimm- und Wahlrecht.<\/p>\n\n\n\n<p>Passivmitglieder sind Mitglieder, welche aus Interesse zum Verein diesem beizutreten w\u00fcnschen. Sie haben kein Stimm- und Wahlrecht und sind beitragspflichtig.<\/p>\n\n\n\n<p>Der Vorstand ist vom Mitgliederbeitrag befreit.<\/p>\n\n\n\n<p>Bedingung f\u00fcr alle Mitglieder ist die unterschriebene Beitrittserkl\u00e4rung.<\/p>\n\n\n\n<p>Art. 5 \/ Aufnahme<\/p>\n\n\n\n<p>Die Aufnahme in den Verein erfolgt durch den Vorstand auf Grund einer schriftlichen Anmeldung und der Verpflichtung, die Statuten anzuerkennen.<\/p>\n\n\n\n<p><br>Art. 6 \/ Ende der Mitgliedschaft<\/p>\n\n\n\n<p>Die Mitgliedschaft endet:<\/p>\n\n\n\n<p>a)&nbsp;Nach schriftlicher Austrittserkl\u00e4rung, welche sp\u00e4testens sechs Monate vor Ende des Gesch\u00e4ftsjahres beim Vorstand eintreffen muss.<br>b)&nbsp;Durch Ausschluss<br>c)&nbsp;Durch Aufl\u00f6sung des Vereins<\/p>\n\n\n\n<p>Ein Ausschluss durch den Vorstand kann ohne Angaben von Gr\u00fcnden oder auf Grund eines den Verein bzw. das Ansehen der Reiter sch\u00e4digenden Verhaltens, oder bei Verweigerung der Beitragszahlung erfolgen. Ausgeschlossene haben ein Beschwerderecht an der n\u00e4chsten Generalversammlung. Mit dem Austritt erl\u00f6schen alle Rechte gegen\u00fcber der Vereinigung.<\/p>\n\n\n\n<p><br>Art. 7 \/ Wahlrecht<\/p>\n\n\n\n<p>Die Mitglieder haben aktives und passives Wahlrecht. Sie k\u00f6nnen Antr\u00e4ge stellen und sind in den Vorstand w\u00e4hlbar.<\/p>\n\n\n\n<p><br>Art. 8 \/ Organisation<\/p>\n\n\n\n<p>Die Organe des Vereins sind:<\/p>\n\n\n\n<p>a)&nbsp;Die ordentliche oder ausserordentliche Generalversammlung der Mitglieder<br>b)&nbsp;Der Vorstand<br>c)&nbsp;Die Rechnungsrevisoren<\/p>\n\n\n\n<p><br>Art. 9 \/ Die Generalversammlung<\/p>\n\n\n\n<p>Die j\u00e4hrliche ordentliche Generalversammlung findet jeweils im vierten Kalenderquartal statt. Die Teilnahme wird jedem Mitglied zur besonderen Pflicht gemacht.<\/p>\n\n\n\n<p>Ausserordentliche Generalversammlungen k\u00f6nnen einberufen werden:<\/p>\n\n\n\n<p>&#8211;&nbsp;Vom Pr\u00e4sidenten<br>&#8211;&nbsp;Vom Vorstand<br>&#8211;&nbsp;Auf Verlangen von mindestens einem F\u00fcnftel der Mitglieder<br>&nbsp;<\/p>\n\n\n\n<p>Art. 9.1 \/ Einberufung der Generalversammlung<\/p>\n\n\n\n<p>Jede durch Zirkular und Bekanntgabe der Traktanden, mindestens drei Wochen vorher einberufene Generalversammlung, ist beschlussf\u00e4hig.<\/p>\n\n\n\n<p><br>Art. 9.2 \/ Gesch\u00e4fte der Generalversammlung<\/p>\n\n\n\n<p>Die Gesch\u00e4fte der Generalversammlung sind:<\/p>\n\n\n\n<p>1)&nbsp;Begr\u00fcssung, Wahl der Stimmenz\u00e4hler<br>2)&nbsp;Protokoll<br>3)&nbsp;Jahresbericht<br>4)&nbsp;Kassa- und Revisorenbericht<br>5)&nbsp;D\u00e9chargeerteilung an den Vorstand<br>6)&nbsp;Wahlen<br>&#8211; Vorstand<br>&#8211; Pr\u00e4sident<br>&#8211; Rechnungsrevisoren<br>7)&nbsp;Jahresprogramm<br>8)&nbsp;Budget \/ Mitgliederbeitr\u00e4ge<br>9)&nbsp;Antr\u00e4ge und Beschwerden<br>10)&nbsp;Verschiedenes<\/p>\n\n\n\n<p><br>Art. 10 \/ Der Vorstand<\/p>\n\n\n\n<p>Der Vorstand besteht aus f\u00fcnf Mitgliedern, die durch das absolute Mehr der Stimmenden von der ordentlichen Generalversammlung f\u00fcr die Dauer von zwei Jahren gew\u00e4hlt werden und ohne weiteres wieder w\u00e4hlbar sind. Der Pr\u00e4sident wird durch die Generalversammlung bestimmt.<\/p>\n\n\n\n<p><br>Art. 10.1 \/ Zusammensetzung des Vorstandes<\/p>\n\n\n\n<p>Der Vorstand setzt sich zusammen aus Pr\u00e4sident, Aktuar, Kassier und zwei Beisitzern. Mindestens ein Vorstandsmitglied muss zwingend ein Familienmitglied der Familie Louis Zehnder, Gebenstorf, sein.<\/p>\n\n\n\n<p><br>Art. 10.2 \/ Aufgaben des Vorstandes<\/p>\n\n\n\n<p>Der Vorstand besorgt s\u00e4mtlich inneren und \u00e4usseren Angelegenheiten des Vereins, sofern diese nicht in die Kompetenzen der Generalversammlung fallen. Das relative Mehr entscheidet. Bei Stimmengleichheit z\u00e4hlt die Stimme des Pr\u00e4sidenten doppelt.<\/p>\n\n\n\n<p>Art. 10.3 \/ Zeichnungsberechtigung der Vorstandsmitglieder<\/p>\n\n\n\n<p>Die Mitglieder des Vorstandes sind f\u00fcr den Verein zeichnungsberechtigt und verf\u00fcgen \u00fcber Kollektivunterschrift.<\/p>\n\n\n\n<p><br>Art. 10.4 \/ Ausgabenkompetenz des Vorstandes<\/p>\n\n\n\n<p>Der Vorstand hat ausserhalb des Budgets, aber innerhalb des Vereinsverm\u00f6gens, eine Ausgabenkompetenz von CHF 1&#8217;000.&#8211; pro Jahr.<\/p>\n\n\n\n<p><br>Art. 11 \/ Die Rechnungsrevisoren<\/p>\n\n\n\n<p>Die Generalversammlung w\u00e4hlt aus den Mitgliedern zwei Rechnungsrevisoren f\u00fcr eine Amtsdauer von zwei Jahren. Eine Wiederwahl ist m\u00f6glich. Sie erstatten der Generalversammlung \u00fcber ihre Gesch\u00e4ftst\u00e4tigkeit schriftlichen Bericht.<\/p>\n\n\n\n<p><br>Art. 12 \/ Finanzen<\/p>\n\n\n\n<p>Die Einnahmen des Vereins bestehen aus den Beitr\u00e4gen der Mitgliedern, freiwilligen Zuwendungen und den Erl\u00f6sen der Veranstaltungen. Die Mitgliederbeitr\u00e4ge f\u00fcr<br>Aktiv-, Junioren- und Passivmitglieder werden von der Generalversammlung f\u00fcr das folgende Vereinsjahr festgelegt. Sie werden im GV-Protokoll schriftlich festgehalten.<\/p>\n\n\n\n<p><br>Art. 13 \/ Abschluss des Rechnungsjahres<\/p>\n\n\n\n<p>Das Rechnungsjahr schliesst jeweils per 30. September. Der Erfolg ist auf die neue Rechnung vorzutragen.<\/p>\n\n\n\n<p><br>Art. 14 \/ Rechnungspr\u00fcfung<\/p>\n\n\n\n<p>Die Rechnung ist allj\u00e4hrlich durch die Rechnungsrevisoren zu pr\u00fcfen.<\/p>\n\n\n\n<p><br>Art. 15 \/ Aufl\u00f6sung<\/p>\n\n\n\n<p>\u00dcber die Aufl\u00f6sung des Vereins entscheidet eine ordentliche oder ausserordentliche Generalversammlung bzw. die schriftliche Erkl\u00e4rung der Mitglieder. In jedem Falle ist eine Mehrheit von 2\/3 der Stimmen aller Mitglieder notwendig.<\/p>\n\n\n\n<p>Art. 15.1 \/ Antrag auf Aufl\u00f6sung<\/p>\n\n\n\n<p>Ein Antrag auf Aufl\u00f6sung muss dem Vorstand mindestens acht Wochen vor der Generalversammlung schriftlich eingereicht werden.<\/p>\n\n\n\n<p><br>Art. 15.2 \/ Verwendung des Vereinsverm\u00f6gens bei Aufl\u00f6sung<\/p>\n\n\n\n<p>Das bei einer Aufl\u00f6sung vorhandene Verm\u00f6gen wird einer gemeinn\u00fctzigen Organisation (i.Z. mit Pferden) zugef\u00fchrt.<\/p>\n\n\n\n<p><br>Art. 16 \/ Statuten<\/p>\n\n\n\n<p>Statuten\u00e4nderungen k\u00f6nnen nur durch die Generalversammlung beschlossen werden, wenn solche auf der Einladung als Traktandum aufgef\u00fchrt sind und wenn sie eine Mehrheit von 2\/3 der Stimmen aller anwesenden Mitgliedern auf sich vereinigen.<\/p>\n\n\n\n<p>Die Statuten werden jedem Mitglied abgegeben.<\/p>\n\n\n\n<p>Diese Statuten treten am 4. Januar 2003 in Kraft.<\/p>\n\n\n\n<p><br>Gebenstorf, 4. Januar 2003<\/p>\n\n\n\n<p><br>Reitverein Birchhof&nbsp;<\/p>\n","protected":false},"excerpt":{"rendered":"<div class=\"slide-text-bg2\"><span>Art. 1 \/ Name und Sitz Unter dem Namen \u201eReitverein Birchhof\u201c, nachstehend Verein genannt, besteht eine Vereinigung im Sinne von Art. 60ff des Schweizer<\/span><\/div>\n<div class=\"slide-btn-area-sm\"><a href=\"https:\/\/www.reitverein-birchhof.ch\/?page_id=84\" class=\"slide-btn-sm\">Read More<\/a><\/div>\n","protected":false},"author":4,"featured_media":0,"parent":0,"menu_order":0,"comment_status":"closed","ping_status":"closed","template":"","meta":{"footnotes":""},"class_list":["post-84","page","type-page","status-publish","hentry"],"_links":{"self":[{"href":"https:\/\/www.reitverein-birchhof.ch\/index.php?rest_route=\/wp\/v2\/pages\/84","targetHints":{"allow":["GET"]}}],"collection":[{"href":"https:\/\/www.reitverein-birchhof.ch\/index.php?rest_route=\/wp\/v2\/pages"}],"about":[{"href":"https:\/\/www.reitverein-birchhof.ch\/index.php?rest_route=\/wp\/v2\/types\/page"}],"author":[{"embeddable":true,"href":"https:\/\/www.reitverein-birchhof.ch\/index.php?rest_route=\/wp\/v2\/users\/4"}],"replies":[{"embeddable":true,"href":"https:\/\/www.reitverein-birchhof.ch\/index.php?rest_route=%2Fwp%2Fv2%2Fcomments&post=84"}],"version-history":[{"count":1,"href":"https:\/\/www.reitverein-birchhof.ch\/index.php?rest_route=\/wp\/v2\/pages\/84\/revisions"}],"predecessor-version":[{"id":86,"href":"https:\/\/www.reitverein-birchhof.ch\/index.php?rest_route=\/wp\/v2\/pages\/84\/revisions\/86"}],"wp:attachment":[{"href":"https:\/\/www.reitverein-birchhof.ch\/index.php?rest_route=%2Fwp%2Fv2%2Fmedia&parent=84"}],"curies":[{"name":"wp","href":"https:\/\/api.w.org\/{rel}","templated":true}]}}